{"id":360,"date":"2016-10-25T09:31:28","date_gmt":"2016-10-25T07:31:28","guid":{"rendered":"http:\/\/blog.gamorsec.com\/?page_id=360"},"modified":"2016-10-25T09:31:28","modified_gmt":"2016-10-25T07:31:28","slug":"gamorsec-sauvez-vies-amusant","status":"publish","type":"page","link":"https:\/\/blog.gamorsec.com\/?page_id=360","title":{"rendered":"Gamorsec : sauvez des vies tout en vous amusant !"},"content":{"rendered":"<h1>Gamorsec : sauvez des vies tout en vous amusant !<\/h1>\n<p>Vous avez toujours r\u00eav\u00e9 d&rsquo;\u00eatre <em>policier, pompier, bref d&rsquo;\u00eatre un v\u00e9ritable op\u00e9rateur de secours d&rsquo;urgence<\/em> ? <strong>Gamorsec<\/strong> vous en donne la possibilit\u00e9. Il s&rsquo;agit d&rsquo;un jeu de gestion et de simulation qui donne la possibilit\u00e9 au joueur de se glisser dans la peau d&rsquo;un op\u00e9rateur de secours d&rsquo;urgence. Tout en vous amusant, vous allez acqu\u00e9rir les aptitudes n\u00e9cessaires pour venir en aide aux personnes en danger. Il s&rsquo;agit donc d&rsquo;un programme con\u00e7u pour permettre au grand public (adultes comme enfants) d&rsquo;en apprendre un peu plus sur le fonctionnement du m\u00e9tier de secouriste. Ainsi, ces derniers pourront ma\u00eetriser en partie ou en totalit\u00e9 le fonctionnement des diverses interventions dans <em>les commissariats, les casernes, les centrales d&rsquo;ambulance<\/em> et bien plus encore.<\/p>\n<p>Vous pourrez donc devenir de v\u00e9ritables h\u00e9ros avec ce jeu, car vous sauverez des <em>personnes dont leur vie est en danger<\/em>. Votre r\u00f4le sera en fait plus important que celui destin\u00e9 \u00e0 <em>un policier ou \u00e0 un pompier<\/em>. Vous r\u00e9colterez la bonne information afin de la transmettre au service comp\u00e9tent. En effet, vous n&rsquo;\u00eates pas oblig\u00e9 de vous rendre directement au coeur de l&rsquo;action. Vous pouvez juste rassembler les informations aupr\u00e8s des <u>victimes<\/u> et les transmettre aux <u>personnes comp\u00e9tentes<\/u>. Ce jeu vous plongera dans la r\u00e9alit\u00e9 telle que v\u00e9cue par les secouristes dans leur t\u00e2che au quotidien. Vous devrez donner le meilleur de vous-m\u00eame, car vous serez amen\u00e9 \u00e0 prendre des <em>d\u00e9cisions importantes pour les victimes<\/em>.<\/p>\n<p>Vous ferez souvent face \u00e0 des cas nullement jolis \u00e0 voir comme par exemple, des cas <strong>d&rsquo;accidents ou des maisons en feu<\/strong>. Lorsque des individus sont en danger de mort dans votre environnement, vous devez absolument leur venir en aide. Par cons\u00e9quent, il vous sera donc demand\u00e9 d&rsquo;avertir dans les plus brefs d\u00e9lais <strong>les pompiers ou le poste de police<\/strong> le plus proche afin que ces derniers puissent venir en aide aux personnes en danger. Cela ne veut en aucun cas dire que vous ne pouvez pas devenir le h\u00e9ros de ce jour. En effet, vous pourrez devenir le v\u00e9ritable h\u00e9ros si vous r\u00e9alisez les <u>gestes utiles<\/u> ce jour. <strong>Les jeux de gamorsec<\/strong> vous familiarisent avec le mode d&rsquo;intervention dans les <em>postes de police ou commissariats et dans les casernes<\/em>. Vous y apprendrez donc les bases n\u00e9cessaires pour ex\u00e9cuter \u00e0 bien les diff\u00e9rents m\u00e9tiers de secouriste.<\/p>\n<h2>Quelques points forts<\/h2>\n<p>Ce programme met \u00e0 la disposition du public d&rsquo;excellents jeux par lesquels ils pourront devenir des h\u00e9ros. Les connaissances que vous aurez apprises en y jouant vous seront d&rsquo;une grande aide dans la vie courante pour sauver les <u>personnes en d\u00e9tresse<\/u> si jamais, vous vous retrouvez par hasard dans une situation de vie ou de mort. Vous pourrez donc y retrouver des astuces n\u00e9cessaires pour devenir un <strong>vrai secouriste<\/strong>.<\/p>\n<p>En gros, ce programme vous permettra de voir comme fonctionne en r\u00e9alit\u00e9 une vraie centrale de secours. Il vous permettra donc de <em>redistribuer les interventions au sein des commissariats ou postes de police, des centrales d&rsquo;ambulances et des casernes<\/em>. Votre r\u00f4le en tant que joueur sera donc aussi notable que celui d&rsquo;un <u>secouriste<\/u>. Vous n&rsquo;\u00eates pas oblig\u00e9 de vous rendre au coeur de l&rsquo;action. En effet, votre mission sera juste de <strong>collecter les informations aupr\u00e8s des victimes et de leur envoyer les secours dont ils ont cruellement besoin<\/strong>.<\/p>\n<p>Tout ce que vous avez \u00e0 faire, c&rsquo;est d&rsquo;attendre un appel et vous pourrez d\u00e8s lors passer \u00e0 l&rsquo;action !<\/p>\n","protected":false},"excerpt":{"rendered":"<p>Gamorsec : sauvez des vies tout en vous amusant ! Vous avez toujours r\u00eav\u00e9 d&rsquo;\u00eatre policier, pompier, bref d&rsquo;\u00eatre un v\u00e9ritable op\u00e9rateur de secours d&rsquo;urgence ? Gamorsec vous en donne la possibilit\u00e9. Il s&rsquo;agit d&rsquo;un jeu de gestion et de simulation qui donne la possibilit\u00e9 au joueur de se glisser dans la peau d&rsquo;un op\u00e9rateur [&hellip;]<\/p>\n","protected":false},"author":1,"featured_media":0,"parent":0,"menu_order":0,"comment_status":"closed","ping_status":"closed","template":"","meta":{"jetpack_post_was_ever_published":false},"yoast_head":"<!-- This site is optimized with the Yoast SEO plugin v21.8.1 - https:\/\/yoast.com\/wordpress\/plugins\/seo\/ -->\n<title>Gamorsec : sauvez des vies tout en vous amusant !<\/title>\n<meta name=\"description\" content=\"Vous avez toujours r\u00eav\u00e9 d&#039;\u00eatre policier, pompier, bref d&#039;\u00eatre un v\u00e9ritable op\u00e9rateur de secours d&#039;urgence ? Gamorsec vous en donne la possibilit\u00e9.\" \/>\n<meta name=\"robots\" content=\"index, follow, max-snippet:-1, max-image-preview:large, max-video-preview:-1\" \/>\n<link rel=\"canonical\" href=\"https:\/\/blog.gamorsec.com\/?page_id=360\" \/>\n<meta property=\"og:locale\" content=\"fr_FR\" \/>\n<meta property=\"og:type\" content=\"article\" \/>\n<meta property=\"og:title\" content=\"Gamorsec : sauvez des vies tout en vous amusant !\" \/>\n<meta property=\"og:description\" content=\"Vous avez toujours r\u00eav\u00e9 d&#039;\u00eatre policier, pompier, bref d&#039;\u00eatre un v\u00e9ritable op\u00e9rateur de secours d&#039;urgence ? Gamorsec vous en donne la possibilit\u00e9.\" \/>\n<meta property=\"og:url\" content=\"https:\/\/blog.gamorsec.com\/?page_id=360\" \/>\n<meta property=\"og:site_name\" content=\"GAMORSEC\" \/>\n<meta name=\"twitter:card\" content=\"summary_large_image\" \/>\n<meta name=\"twitter:label1\" content=\"Dur\u00e9e de lecture estim\u00e9e\" \/>\n\t<meta name=\"twitter:data1\" content=\"3 minutes\" \/>\n<script type=\"application\/ld+json\" class=\"yoast-schema-graph\">{\"@context\":\"https:\/\/schema.org\",\"@graph\":[{\"@type\":\"WebPage\",\"@id\":\"https:\/\/blog.gamorsec.com\/?page_id=360\",\"url\":\"https:\/\/blog.gamorsec.com\/?page_id=360\",\"name\":\"Gamorsec : sauvez des vies tout en vous amusant !\",\"isPartOf\":{\"@id\":\"https:\/\/blog.gamorsec.com\/#website\"},\"datePublished\":\"2016-10-25T07:31:28+00:00\",\"dateModified\":\"2016-10-25T07:31:28+00:00\",\"description\":\"Vous avez toujours r\u00eav\u00e9 d'\u00eatre policier, pompier, bref d'\u00eatre un v\u00e9ritable op\u00e9rateur de secours d'urgence ? Gamorsec vous en donne la possibilit\u00e9.\",\"breadcrumb\":{\"@id\":\"https:\/\/blog.gamorsec.com\/?page_id=360#breadcrumb\"},\"inLanguage\":\"fr-FR\",\"potentialAction\":[{\"@type\":\"ReadAction\",\"target\":[\"https:\/\/blog.gamorsec.com\/?page_id=360\"]}]},{\"@type\":\"BreadcrumbList\",\"@id\":\"https:\/\/blog.gamorsec.com\/?page_id=360#breadcrumb\",\"itemListElement\":[{\"@type\":\"ListItem\",\"position\":1,\"name\":\"Accueil\",\"item\":\"https:\/\/blog.gamorsec.com\/\"},{\"@type\":\"ListItem\",\"position\":2,\"name\":\"Gamorsec : sauvez des vies tout en vous amusant !\"}]},{\"@type\":\"WebSite\",\"@id\":\"https:\/\/blog.gamorsec.com\/#website\",\"url\":\"https:\/\/blog.gamorsec.com\/\",\"name\":\"GAMORSEC\",\"description\":\"A votre tour de sauver des vies !\",\"publisher\":{\"@id\":\"https:\/\/blog.gamorsec.com\/#organization\"},\"potentialAction\":[{\"@type\":\"SearchAction\",\"target\":{\"@type\":\"EntryPoint\",\"urlTemplate\":\"https:\/\/blog.gamorsec.com\/?s={search_term_string}\"},\"query-input\":\"required name=search_term_string\"}],\"inLanguage\":\"fr-FR\"},{\"@type\":\"Organization\",\"@id\":\"https:\/\/blog.gamorsec.com\/#organization\",\"name\":\"SAS JACDev\",\"url\":\"https:\/\/blog.gamorsec.com\/\",\"logo\":{\"@type\":\"ImageObject\",\"inLanguage\":\"fr-FR\",\"@id\":\"https:\/\/blog.gamorsec.com\/#\/schema\/logo\/image\/\",\"url\":\"http:\/\/blog.gamorsec.com\/wp-content\/uploads\/2015\/10\/logo-fond-transparent.png\",\"contentUrl\":\"http:\/\/blog.gamorsec.com\/wp-content\/uploads\/2015\/10\/logo-fond-transparent.png\",\"width\":1182,\"height\":319,\"caption\":\"SAS JACDev\"},\"image\":{\"@id\":\"https:\/\/blog.gamorsec.com\/#\/schema\/logo\/image\/\"}}]}<\/script>\n<!-- \/ Yoast SEO plugin. -->","yoast_head_json":{"title":"Gamorsec : sauvez des vies tout en vous amusant !","description":"Vous avez toujours r\u00eav\u00e9 d'\u00eatre policier, pompier, bref d'\u00eatre un v\u00e9ritable op\u00e9rateur de secours d'urgence ? Gamorsec vous en donne la possibilit\u00e9.","robots":{"index":"index","follow":"follow","max-snippet":"max-snippet:-1","max-image-preview":"max-image-preview:large","max-video-preview":"max-video-preview:-1"},"canonical":"https:\/\/blog.gamorsec.com\/?page_id=360","og_locale":"fr_FR","og_type":"article","og_title":"Gamorsec : sauvez des vies tout en vous amusant !","og_description":"Vous avez toujours r\u00eav\u00e9 d'\u00eatre policier, pompier, bref d'\u00eatre un v\u00e9ritable op\u00e9rateur de secours d'urgence ? Gamorsec vous en donne la possibilit\u00e9.","og_url":"https:\/\/blog.gamorsec.com\/?page_id=360","og_site_name":"GAMORSEC","twitter_card":"summary_large_image","twitter_misc":{"Dur\u00e9e de lecture estim\u00e9e":"3 minutes"},"schema":{"@context":"https:\/\/schema.org","@graph":[{"@type":"WebPage","@id":"https:\/\/blog.gamorsec.com\/?page_id=360","url":"https:\/\/blog.gamorsec.com\/?page_id=360","name":"Gamorsec : sauvez des vies tout en vous amusant !","isPartOf":{"@id":"https:\/\/blog.gamorsec.com\/#website"},"datePublished":"2016-10-25T07:31:28+00:00","dateModified":"2016-10-25T07:31:28+00:00","description":"Vous avez toujours r\u00eav\u00e9 d'\u00eatre policier, pompier, bref d'\u00eatre un v\u00e9ritable op\u00e9rateur de secours d'urgence ? Gamorsec vous en donne la possibilit\u00e9.","breadcrumb":{"@id":"https:\/\/blog.gamorsec.com\/?page_id=360#breadcrumb"},"inLanguage":"fr-FR","potentialAction":[{"@type":"ReadAction","target":["https:\/\/blog.gamorsec.com\/?page_id=360"]}]},{"@type":"BreadcrumbList","@id":"https:\/\/blog.gamorsec.com\/?page_id=360#breadcrumb","itemListElement":[{"@type":"ListItem","position":1,"name":"Accueil","item":"https:\/\/blog.gamorsec.com\/"},{"@type":"ListItem","position":2,"name":"Gamorsec : sauvez des vies tout en vous amusant !"}]},{"@type":"WebSite","@id":"https:\/\/blog.gamorsec.com\/#website","url":"https:\/\/blog.gamorsec.com\/","name":"GAMORSEC","description":"A votre tour de sauver des vies !","publisher":{"@id":"https:\/\/blog.gamorsec.com\/#organization"},"potentialAction":[{"@type":"SearchAction","target":{"@type":"EntryPoint","urlTemplate":"https:\/\/blog.gamorsec.com\/?s={search_term_string}"},"query-input":"required name=search_term_string"}],"inLanguage":"fr-FR"},{"@type":"Organization","@id":"https:\/\/blog.gamorsec.com\/#organization","name":"SAS JACDev","url":"https:\/\/blog.gamorsec.com\/","logo":{"@type":"ImageObject","inLanguage":"fr-FR","@id":"https:\/\/blog.gamorsec.com\/#\/schema\/logo\/image\/","url":"http:\/\/blog.gamorsec.com\/wp-content\/uploads\/2015\/10\/logo-fond-transparent.png","contentUrl":"http:\/\/blog.gamorsec.com\/wp-content\/uploads\/2015\/10\/logo-fond-transparent.png","width":1182,"height":319,"caption":"SAS JACDev"},"image":{"@id":"https:\/\/blog.gamorsec.com\/#\/schema\/logo\/image\/"}}]}},"jetpack_sharing_enabled":true,"jetpack_shortlink":"https:\/\/wp.me\/P6NsJu-5O","jetpack-related-posts":[{"id":411,"url":"https:\/\/blog.gamorsec.com\/?page_id=411","url_meta":{"origin":360,"position":0},"title":"Politique de protection de la vie priv\u00e9e","author":"GAMORSEC","date":"20 d\u00e9cembre 2016","format":false,"excerpt":"Il est important pour nous de prot\u00e9ger votre vie priv\u00e9e. GAMORSEC et ses soci\u00e9t\u00e9s affili\u00e9es (\u00ab SAS JACDev \u00bb, \u00ab nous \u00bb ou \u00ab notre \u00bb) ont \u00e0 c\u0153ur de prot\u00e9ger les droits au respect de la vie priv\u00e9e de nos utilisateurs (les \u00ab utilisateurs \u00bb ou \u00ab vous \u00bb).\u2026","rel":"","context":"Article similaire","block_context":{"text":"Article similaire","link":""},"img":{"alt_text":"","src":"","width":0,"height":0},"classes":[]},{"id":89,"url":"https:\/\/blog.gamorsec.com\/?page_id=89","url_meta":{"origin":360,"position":1},"title":"Mentions L\u00e9gales","author":"GAMORSEC","date":"23 novembre 2015","format":false,"excerpt":"1. Pr\u00e9sentation du site : Conform\u00e9ment aux dispositions des articles 6-III et 19 de la Loi n\u00b0 2004-575 du 21 juin 2004 pour la Confiance dans l'\u00e9conomie num\u00e9rique, dite L.C.E.N., nous portons \u00e0 la connaissance des utilisateurs et visiteurs du site : www.gamorsec.com les informations suivantes : Informations l\u00e9gales :\u2026","rel":"","context":"Article similaire","block_context":{"text":"Article similaire","link":""},"img":{"alt_text":"","src":"","width":0,"height":0},"classes":[]}],"_links":{"self":[{"href":"https:\/\/blog.gamorsec.com\/index.php?rest_route=\/wp\/v2\/pages\/360"}],"collection":[{"href":"https:\/\/blog.gamorsec.com\/index.php?rest_route=\/wp\/v2\/pages"}],"about":[{"href":"https:\/\/blog.gamorsec.com\/index.php?rest_route=\/wp\/v2\/types\/page"}],"author":[{"embeddable":true,"href":"https:\/\/blog.gamorsec.com\/index.php?rest_route=\/wp\/v2\/users\/1"}],"replies":[{"embeddable":true,"href":"https:\/\/blog.gamorsec.com\/index.php?rest_route=%2Fwp%2Fv2%2Fcomments&post=360"}],"version-history":[{"count":1,"href":"https:\/\/blog.gamorsec.com\/index.php?rest_route=\/wp\/v2\/pages\/360\/revisions"}],"predecessor-version":[{"id":361,"href":"https:\/\/blog.gamorsec.com\/index.php?rest_route=\/wp\/v2\/pages\/360\/revisions\/361"}],"wp:attachment":[{"href":"https:\/\/blog.gamorsec.com\/index.php?rest_route=%2Fwp%2Fv2%2Fmedia&parent=360"}],"curies":[{"name":"wp","href":"https:\/\/api.w.org\/{rel}","templated":true}]}}